{"id":7,"date":"2025-05-24T20:16:49","date_gmt":"2025-05-24T18:16:49","guid":{"rendered":"https:\/\/septdormants-partage.fr\/?page_id=7"},"modified":"2025-12-28T16:16:20","modified_gmt":"2025-12-28T15:16:20","slug":"les-sept-dormants-une-oeuvre-en-partage","status":"publish","type":"page","link":"https:\/\/septdormants-partage.fr\/?page_id=7","title":{"rendered":"Les Sept Dormants : une \u0153uvre en partage"},"content":{"rendered":"\n<figure class=\"wp-block-image aligncenter size-full is-resized\"><img loading=\"lazy\" decoding=\"async\" width=\"479\" height=\"640\" src=\"http:\/\/septdormants-partage.fr\/wp-content\/uploads\/2025\/05\/Sept_dormants_a_L_Etable.jpeg\" alt=\"\" class=\"wp-image-10\" style=\"width:303px;height:auto\" srcset=\"https:\/\/septdormants-partage.fr\/wp-content\/uploads\/2025\/05\/Sept_dormants_a_L_Etable.jpeg 479w, https:\/\/septdormants-partage.fr\/wp-content\/uploads\/2025\/05\/Sept_dormants_a_L_Etable-225x300.jpeg 225w\" sizes=\"auto, (max-width: 479px) 100vw, 479px\" \/><figcaption class=\"wp-element-caption\"><em>Les Sept Dormants<\/em> \u00e0 l\u2019\u00c9table au Bas du Riaux (71)<\/figcaption><\/figure>\n\n\n\n<h2 class=\"wp-block-heading\" id=\"Sommaire\">Sommaire<\/h2>\n\n\n\n<p><a href=\"#Association\">L&rsquo;Association<\/a><\/p>\n\n\n\n<p><a href=\"#Dormants\">Les Sept&nbsp;Dormants<\/a><\/p>\n\n\n\n<p><a href=\"#JPLONGIN\">Jean-Paul&nbsp;Longin<\/a><\/p>\n\n\n\n<p><a href=\"#Expositions\" data-type=\"internal\" data-id=\"#Expositions\">Expositions de l\u2019\u0153uvre<\/a><\/p>\n\n\n\n<p><a href=\"#Adhesion\">Adh\u00e9rer<\/a><\/p>\n\n\n\n<h4 class=\"wp-block-heading\" id=\"Association\"><strong>L&rsquo;ASSOCIATION<\/strong><\/h4>\n\n\n\n<h5 class=\"wp-block-heading\"><strong>Gen\u00e8se<\/strong><\/h5>\n\n\n\n<p><em>Les<\/em> <em>Sept Dormants<\/em> de Jean-Paul Longin ont \u00e9t\u00e9 expos\u00e9s en 2021 \u00e0 l\u2019\u00c9table, au Bas du Riaux (71), puis lors de la quatri\u00e8me Biennale d\u2019Art Sacr\u00e9 Contemporain \u00e0 Autun en 2023. Le public a \u00e9t\u00e9 touch\u00e9 par la puissance esth\u00e9tique de l\u2019\u0153uvre, \u00e9mu par l\u2019\u00e9vocation plastique d\u2019une tradition, intrigu\u00e9 par sa r\u00e9f\u00e9rence \u00e0 la l\u00e9gende des Sept Dormants d\u2019\u00c9ph\u00e8se ou des Gens de la Caverne, int\u00e9ress\u00e9 par le dialogue entre les religions qu\u2019elle peut susciter. C\u2019est pourquoi une association s\u2019est cr\u00e9\u00e9e au printemps 2024.<\/p>\n\n\n\n<h5 class=\"wp-block-heading\"><a><\/a>Objectifs<\/h5>\n\n\n\n<p>L\u2019association a pour but d&rsquo;acqu\u00e9rir l\u2019\u0153uvre de Jean-Paul Longin, d&rsquo;identifier des lieux qui puissent entrer en r\u00e9sonance avec celle-ci, de l&rsquo;exposer de fa\u00e7on temporaire ou durable. Dans le cas o\u00f9 un lieu proposerait de l&rsquo;accueillir de fa\u00e7on durable, dans des conditions satisfaisantes, l&rsquo;association pourra d\u00e9cider d\u2019en faire don \u00e0 l&rsquo;organisme gestionnaire du lieu.<\/p>\n\n\n\n<h5 class=\"wp-block-heading\"><a><\/a>Contact<\/h5>\n\n\n\n<p>Si vous aussi \u00eates touch\u00e9(e) par cette \u0153uvre et souhaitez soutenir notre d\u00e9marche, vous pouvez adh\u00e9rer \u00e0 l&rsquo;association <em>Les Sept Dormants<\/em>&nbsp;: une \u0153uvre en partage. <a href=\"https:\/\/www.helloasso.com\/associations\/les-sept-dormants-une-oeuvre-en-partage\">Cliquer ici<\/a>.<\/p>\n\n\n\n<p>Le bureau de l&rsquo;association est compos\u00e9 de Christine David (pr\u00e9sidente), Catherine Vincent (tr\u00e9sori\u00e8re) et Patrick Huet (secr\u00e9taire).<\/p>\n\n\n\n<p class=\"has-source-serif-pro-font-family\">Pour nous contacter, \u00e9crire \u00e0&nbsp;: <strong><a href=\"mailto:septdormants.partage@protonmail.com\">septdormants.partage@protonmail.com<\/a><\/strong><br><\/p>\n\n\n\n<p class=\"has-source-serif-pro-font-family\"><a href=\"#Sommaire\"><strong><em>Retour au Sommaire<\/em><\/strong><\/a><br><\/p>\n\n\n\n<h4 class=\"wp-block-heading\" id=\"Dormants\"><strong>LES SEPT DORMANTS<\/strong><\/h4>\n\n\n\n<figure class=\"wp-block-image size-full\"><img loading=\"lazy\" decoding=\"async\" width=\"690\" height=\"408\" src=\"http:\/\/septdormants-partage.fr\/wp-content\/uploads\/2025\/07\/Sept_Dormants_Personnages_Credit_JPL.jpg\" alt=\"\" class=\"wp-image-261\" srcset=\"https:\/\/septdormants-partage.fr\/wp-content\/uploads\/2025\/07\/Sept_Dormants_Personnages_Credit_JPL.jpg 690w, https:\/\/septdormants-partage.fr\/wp-content\/uploads\/2025\/07\/Sept_Dormants_Personnages_Credit_JPL-300x177.jpg 300w\" sizes=\"auto, (max-width: 690px) 100vw, 690px\" \/><figcaption class=\"wp-element-caption\">Les personnages des <em>Sept Dormants<\/em><\/figcaption><\/figure>\n\n\n\n<h5 class=\"wp-block-heading\"><a><\/a> Histoire de l&rsquo;\u0153uvre<\/h5>\n\n\n\n<p><a><\/a> Curieuse destin\u00e9e que celle de cette \u0153uvre de Jean-Paul Longin appel\u00e9e <em>St\u00e8le,<\/em> expos\u00e9e pour la premi\u00e8re fois en 2012 dans la chapelle Saint-Sulpice de Villerest dans la Loire. N\u00e9e en partie dans la poussi\u00e8re d\u2019un chantier de d\u00e9m\u00e9nagement au d\u00e9but des ann\u00e9es 2000, elle est assembl\u00e9e \u00e0 un moment ind\u00e9termin\u00e9. Totalement oubli\u00e9e, elle r\u00e9apparait, en piteux \u00e9tat, parmi d\u2019autres \u0153uvres, lorsque l\u2019artiste s\u2019installe en Morvan.<\/p>\n\n\n\n<p>En juin 2017, lors de la premi\u00e8re Biennale d\u2019Art Sacr\u00e9 Contemporain d\u2019Autun, une soir\u00e9e po\u00e9tique autour des Sept Dormants d\u2019\u00c9ph\u00e8se et des Gens de la Caverne,  provoquait une r\u00e9flexion sur la mani\u00e8re d\u2019\u00e9voquer plastiquement cette double tradition chr\u00e9tienne ou musulmane. En naissaient alors des \u00e9tudes sur le motif des Dormants, mais aucun projet ne prenait vraiment corps.<\/p>\n\n\n\n<p>Nettoy\u00e9e, restaur\u00e9e, <em>St\u00e8le<\/em> entame une nouvelle vie en 2021 \u00e0 l\u2019\u00c9table, au Bas du Riaux, lieu d\u2019exposition de l\u2019artiste. Accroch\u00e9es aupr\u00e8s d\u2019une lectrice qui faisait vivre l\u2019introduction du livre de Svetlana Alexievitch, <em>La Supplication<\/em>, en comm\u00e9moration des vingt ans de la catastrophe nucl\u00e9aire de Tchernobyl, les sept petites figures nocturnes, ainsi que d\u2019autres \u0153uvres, accompagnaient alors le silence de sid\u00e9ration qui suivit la lecture.<\/p>\n\n\n\n<p>Les jours suivants, ce fut d\u2019abord une petite musique, puis des silences&nbsp;\u2026 et soudain l\u2019\u00e9vidence. Ils sont l\u00e0, accroch\u00e9s dans l\u2019\u00c9table, pr\u00eats \u00e0 sortir de leur sommeil&nbsp;! <em>Les Sept Dormants<\/em> existaient.<\/p>\n\n\n\n<p>Ils ont fait leur premi\u00e8re grande entr\u00e9e \u00e0 la quatri\u00e8me Biennale d&rsquo;Art Sacr\u00e9 Contemporain d&rsquo;Autun en juillet 2023.<\/p>\n\n\n\n<h5 class=\"wp-block-heading\">l&rsquo;\u0153uvre<\/h5>\n\n\n\n<p class=\"has-foreground-color has-text-color has-link-color has-source-serif-pro-font-family wp-elements-6322c3022772642cc4f3b99b27798157\"><em>Les Sept Dormants<\/em><\/p>\n\n\n\n<p class=\"has-foreground-color has-text-color has-link-color has-source-serif-pro-font-family wp-elements-ba3a85500f8e016317d0e4aec69c5ec8\"><em>Haut relief \u2013 76 x 106 cm \u2013 8 cm d\u2019\u00e9paisseur<\/em> &#8211; <em>Acrylique sur bois et contreplaqu\u00e9.<\/em><\/p>\n\n\n\n<h5 class=\"wp-block-heading has-foreground-color has-text-color has-link-color wp-elements-bc731947a7f8a4a2542d5b8f632d29c2\">La l\u00e9gende des Sept dormants ou des Gens de la Caverne<\/h5>\n\n\n\n<p>On doit la l\u00e9gende des Sept Dormants d\u2019\u00c9ph\u00e8se \u00e0 Gr\u00e9goire de Tours au VI<sup>e <\/sup>si\u00e8cle. Il s\u2019agit de l\u2019histoire de sept fr\u00e8res&nbsp;: Maximianus, Malchus, Martinianus, Constantinus, Dionysius, Ioannes, et S\u00e9rapion, qui sont pers\u00e9cut\u00e9s pour leur croyance chr\u00e9tienne par l\u2019Empereur D\u00e8ce (249-251) et se r\u00e9fugient dans une grotte. L\u2019empereur fait boucher l\u2019entr\u00e9e de celle-ci.<\/p>\n\n\n\n<p>Des ann\u00e9es plus tard, sous l\u2019empereur chr\u00e9tien Th\u00e9odose (379-395), les sept fr\u00e8res sont d\u00e9couverts et se r\u00e9veillent dans un monde chr\u00e9tien. F\u00eat\u00e9s, ils refusent cependant la gloire terrestre et se rendorment pour l\u2019\u00e9ternit\u00e9. Ce r\u00e9cit vient \u00e0 un moment o\u00f9 la r\u00e9surrection est contest\u00e9e et il se pr\u00e9sente comme son plaidoyer.<\/p>\n\n\n\n<p>C\u2019est aussi autour de l\u2019importance de la r\u00e9surrection que s\u2019articule la version musulmane des Gens de la Caverne dont il est question dans la sourate centrale du Coran appel\u00e9e Sourate de la Caverne. L\u2019histoire est \u00e0 peu pr\u00e8s identique \u00e0 la l\u00e9gende chr\u00e9tienne, mais le nombre des dormants est variable et ils sont accompagn\u00e9s par un chien. <\/p>\n\n\n\n<p>Quelle que soit leur origine religieuse, ces r\u00e9cits sont toujours tr\u00e8s vivants autour de la M\u00e9diterran\u00e9e.<\/p>\n\n\n\n<p><a href=\"#Sommaire\"><strong><em>Retour au Sommaire<\/em><\/strong><\/a><br><\/p>\n\n\n\n<h4 class=\"wp-block-heading has-source-serif-pro-font-family\" id=\"JPLONGIN\"><strong>JEAN-PAUL&nbsp;LONGIN<\/strong><\/h4>\n\n\n\n<figure class=\"wp-block-image alignright size-large is-resized\"><img loading=\"lazy\" decoding=\"async\" width=\"768\" height=\"1024\" src=\"http:\/\/septdormants-partage.fr\/wp-content\/uploads\/2025\/07\/Jean-Paul_Credit_Lise-Marie-Porret-768x1024.jpg\" alt=\"\" class=\"wp-image-258\" style=\"width:275px;height:auto\" srcset=\"https:\/\/septdormants-partage.fr\/wp-content\/uploads\/2025\/07\/Jean-Paul_Credit_Lise-Marie-Porret-768x1024.jpg 768w, https:\/\/septdormants-partage.fr\/wp-content\/uploads\/2025\/07\/Jean-Paul_Credit_Lise-Marie-Porret-225x300.jpg 225w, https:\/\/septdormants-partage.fr\/wp-content\/uploads\/2025\/07\/Jean-Paul_Credit_Lise-Marie-Porret-1152x1536.jpg 1152w, https:\/\/septdormants-partage.fr\/wp-content\/uploads\/2025\/07\/Jean-Paul_Credit_Lise-Marie-Porret-1536x2048.jpg 1536w, https:\/\/septdormants-partage.fr\/wp-content\/uploads\/2025\/07\/Jean-Paul_Credit_Lise-Marie-Porret-scaled.jpg 1920w\" sizes=\"auto, (max-width: 768px) 100vw, 768px\" \/><figcaption class=\"wp-element-caption\">Jean-Paul Longin<br>(cr\u00e9dit photo Lise Marie Porret)<\/figcaption><\/figure>\n\n\n\n<h5 class=\"wp-block-heading\" id=\"Cheminement\">CHEMINEMENT<\/h5>\n\n\n\n<p>Peintre d\u00e8s le d\u00e9but des ann\u00e9es 1960, Jean-Paul Longin s&rsquo;est \u00e9galement consacr\u00e9 \u00e0 la s\u00e9rigraphie par la suite. Il approche le volume \u00e0 la fin des ann\u00e9es 1980 dans le but de faire jouer la couleur dans l\u2019espace. Son travail est alors marqu\u00e9 par la fr\u00e9quentation de l\u2019atelier du sculpteur Maxime Descombin, cr\u00e9ateur de la sculpture s\u00e9rielle, et trouve un aboutissement dans la r\u00e9alisation d\u2019un&nbsp;<em>Chemin de croix<\/em> pour la basilique romane de Paray-le-Monial en 1992. Finalement refus\u00e9 par la paroisse, celui-ci devient itin\u00e9rant sous l\u2019\u00e9gide de l\u2019association Crois\u00e9e des chemins cr\u00e9\u00e9e \u00e0 cet effet, avant de s\u2019installer d\u00e9finitivement dans l\u2019\u00e9glise du Noirmont dans le Jura suisse en 2008.<\/p>\n\n\n\n<p>Apr\u00e8s cette exp\u00e9rience, Jean-Paul Longin explore les dimensions spirituelles de l\u2019art et s\u2019interroge sur l\u2019abstraction et la figuration, la mati\u00e8re et l\u2019esprit, le sens de la Croix et de l\u2019humain.<\/p>\n\n\n\n<p>Ses recherches, qui utilisent de plus en plus mati\u00e8re, couleur, espace, portent alors essentiellement sur la m\u00e9ditation, le silence et la lumi\u00e8re, autant de tentatives pour rendre pr\u00e9sent ce qui peut \u00eatre l\u2019Esprit. Dans ce cheminement, la Figure fait son apparition au sein de l\u2019abstraction pour devenir de plus en plus pr\u00e9gnante.<\/p>\n\n\n\n<p>Jean-Paul Longin a collabor\u00e9 avec le th\u00e9\u00e2tre et la danse contemporaine, en particulier avec la compagnie auvergnate La Traverse. Parall\u00e8lement \u00e0 sa pratique, il a effectu\u00e9 des recherches r\u00e9guli\u00e8res en histoire de l&rsquo;art en particulier sur Van Gogh, Rembrandt, de La Tour, sur le Moyen-\u00c2ge et la repr\u00e9sentation du Christ. Il a donn\u00e9 des cycles de conf\u00e9rences \u00e0 Paray-le-Monial (de 1996 \u00e0 2000), et dans de nombreux autres lieux&nbsp;: Gueugnon, M\u00e2con, Cordes-sur-Ciel, Orcival, Pignols, Volvic, Clermont-Ferrand, Vic-le-Comte, Huy (Belgique) et Autun. Il a \u00e9galement anim\u00e9 des journ\u00e9es et week-ends au couvent de la Tourette (L\u2019Arbresle), \u00e0 Orcival et \u00e0 la communaut\u00e9 du Thil pr\u00e8s de Chalon-sur-Sa\u00f4ne.<\/p>\n\n\n\n<h5 class=\"wp-block-heading\">EXPOSITIONS<\/h5>\n\n\n\n<p>Jean-Paul Longin a r\u00e9alis\u00e9 des cr\u00e9ations pour des espaces priv\u00e9s et particip\u00e9 \u00e0 de nombreuses expositions en France, Belgique, Suisse.<\/p>\n\n\n\n<p>Entre 2000 et 2003, il a expos\u00e9 et \u00e9t\u00e9 commissaire d\u2019exposition \u00e0 L\u2019Archipel sur le Lac, lieu d\u2019art actuel pr\u00e8s de Roanne.<\/p>\n\n\n\n<p>Il a \u00e9t\u00e9 invit\u00e9 \u00e0 plusieurs Biennales d\u2019Art Sacr\u00e9 Actuel de Lyon de 1996 \u00e0 2009, \u00e0 la rencontre internationale art sacr\u00e9 \/ art contemporain Epifanie \u00e0 Louvain en 2000 aux c\u00f4t\u00e9s de Warhol, Reiner, Alberola, Viola, Asse, etc., au festival Art et Spiritualit\u00e9 de Troyes en 2013. Il a \u00e9galement \u00e9t\u00e9 invit\u00e9 par l\u2019Agence Nationale pour les Arts Sacr\u00e9s \u00e0 la Cath\u00e9drale d\u2019\u00c9vry en 2015.<\/p>\n\n\n\n<p>Avec d\u2019autres \u0153uvres de l\u2019artiste, <em>Les Sept Dormants<\/em> ont \u00e9t\u00e9 pr\u00e9sent\u00e9s \u00e0 la Biennale d\u2019Art Sacr\u00e9 Contemporain d\u2019Autun en 2023, au Centre culturel de l&rsquo;Antiquaille \u00e0 Lyon du 7 mars au 11 mai 2025 et \u00e0 la galerie RegArt \u00e0 Joncy (Sa\u00f4ne-et-Loire) du 21 juin au 12 juillet 2025.&nbsp;<\/p>\n\n\n\n<p>Jean-Paul Longin a \u00e9t\u00e9 invit\u00e9 d&rsquo;honneur du Salon d&rsquo;automne de l&rsquo;Association Artistique de l&rsquo;Autunois, qui a eu lieu du 22 octobre au 5 novembre 2025 \u00e0 Autun.<\/p>\n\n\n\n<h5 class=\"wp-block-heading\">La Presse en parle<\/h5>\n\n\n\n<ul class=\"wp-block-list\">\n<li><a href=\"https:\/\/www.petit-bulletin.fr\/agenda-313766-jean-paul-longin.html\">2025 Le Petit Bulletin Lyon sur l&rsquo;Antiquaille<\/a><\/li>\n\n\n\n<li><a href=\"https:\/\/www.biennale-autun.com\/les-plasticiens-2024\/jean-paul-longin\">2023 Biennale d&rsquo;Art Sacr\u00e9 Contemporain d&rsquo;Autun<\/a><\/li>\n\n\n\n<li><a href=\"https:\/\/montceau-news.com\/culture\/755788-montceau-vernissage-embarcadere.html\">2023 Jean-Paul Longin travaille le bleu, le noir et le blanc<\/a><\/li>\n\n\n\n<li><a href=\"https:\/\/montceau-news.com\/culture\/688858-montceau-les-mines-a-la-vignoteque-7.html\">2022 Marie Madeleine, l\u2019\u00c9ternelle<\/a><\/li>\n\n\n\n<li><a href=\"https:\/\/www.lejsl.com\/edition-autun\/2019\/08\/19\/jean-paul-longin-un-artiste-attachant-et-multicartes\">2019 Jean-Paul Longin, un artiste attachant et multicartes<\/a><\/li>\n<\/ul>\n\n\n\n<h5 class=\"wp-block-heading\">BIBLIOGRAPHIE<\/h5>\n\n\n\n<ul class=\"wp-block-list\">\n<li>Articles dans divers journaux et revues<\/li>\n\n\n\n<li>Une \u00e9tude sur Van Gogh et la Parole du Christ (non \u00e9dit\u00e9e)<\/li>\n\n\n\n<li>Un roman po\u00e9tique sur Van Gogh \u00e0 Saint-R\u00e9my-de-Provence, <em>Le Cahier de Louise<\/em> (\u00e9d. Rafael de Surtis, 2000)<\/li>\n\n\n\n<li>Participation \u00e0 <em>Une anthologie de l&rsquo;imaginaire<\/em> (\u00e9d. Rafael de Surtis, 2000-2001) et \u00e0 <em>Sorciers&nbsp;: le conseil de sang<\/em> (\u00e9d. Rafael de Surtis \/ Editinter, 2005)<\/li>\n\n\n\n<li>Entretien dans le catalogue d&rsquo;exposition 2023 de la Biennale d&rsquo;Art Sacr\u00e9 Contemporain d&rsquo;Autun (p. 98-101).<\/li>\n<\/ul>\n\n\n\n<p><a href=\"#Sommaire\"><strong><em>Retour au Sommaire<\/em><\/strong><\/a><br><\/p>\n\n\n\n<h4 class=\"wp-block-heading\" id=\"Expositions\"><strong>Expositions de l\u2019\u0153uvre<\/strong><\/h4>\n\n\n\n<ul class=\"wp-block-list\">\n<li>2025 : du 21 juin au 12 juillet \u00e0 la Galerie RegArt \u00e0&nbsp;Joncy (71)<\/li>\n\n\n\n<li>2025 : du 7 mars au 11 mai au Centre culturel de l&rsquo;Antiquaille \u00e0 Lyon<\/li>\n\n\n\n<li>2023 : du 15 juillet au 3 ao\u00fbt \u00e0 la quatri\u00e8me Biennale d&rsquo;Art Sacr\u00e9 Contemporain d&rsquo;Autun<\/li>\n\n\n\n<li>2021 : \u00e0 l\u2019\u00c9table, au Bas du Riaux, lieu d\u2019exposition de l\u2019artiste (voir photo page d&rsquo;accueil)<\/li>\n\n\n\n<li>2012  : \u00e0 la Chapelle Saint-Sulpice de Villerest dans la Loire<\/li>\n<\/ul>\n\n\n\n<div class=\"wp-block-group is-nowrap is-layout-flex wp-container-core-group-is-layout-6c531013 wp-block-group-is-layout-flex\">\n<figure class=\"wp-block-image size-large is-resized\"><img loading=\"lazy\" decoding=\"async\" width=\"1024\" height=\"518\" src=\"http:\/\/septdormants-partage.fr\/wp-content\/uploads\/2025\/07\/Sept_Dormants_Joncy_2025_recadree_Credit_CV-1024x518.jpg\" alt=\"\" class=\"wp-image-262\" style=\"width:510px;height:auto\" srcset=\"https:\/\/septdormants-partage.fr\/wp-content\/uploads\/2025\/07\/Sept_Dormants_Joncy_2025_recadree_Credit_CV-1024x518.jpg 1024w, https:\/\/septdormants-partage.fr\/wp-content\/uploads\/2025\/07\/Sept_Dormants_Joncy_2025_recadree_Credit_CV-300x152.jpg 300w, https:\/\/septdormants-partage.fr\/wp-content\/uploads\/2025\/07\/Sept_Dormants_Joncy_2025_recadree_Credit_CV-768x389.jpg 768w, https:\/\/septdormants-partage.fr\/wp-content\/uploads\/2025\/07\/Sept_Dormants_Joncy_2025_recadree_Credit_CV-1536x777.jpg 1536w, https:\/\/septdormants-partage.fr\/wp-content\/uploads\/2025\/07\/Sept_Dormants_Joncy_2025_recadree_Credit_CV-2048x1036.jpg 2048w\" sizes=\"auto, (max-width: 1024px) 100vw, 1024px\" \/><figcaption class=\"wp-element-caption\">\u00c0 Joncy en 2025, avec <em>Neuf Abb\u00e9s<\/em> de l\u2019artiste <br>(cr\u00e9dit photo C.V.)<\/figcaption><\/figure>\n\n\n\n<figure class=\"wp-block-image size-large is-resized\"><img loading=\"lazy\" decoding=\"async\" width=\"1024\" height=\"646\" src=\"http:\/\/septdormants-partage.fr\/wp-content\/uploads\/2025\/07\/Sept_Dormants_Antiquaille_Credit-PH-1024x646.jpg\" alt=\"\" class=\"wp-image-259\" style=\"width:399px;height:auto\" srcset=\"https:\/\/septdormants-partage.fr\/wp-content\/uploads\/2025\/07\/Sept_Dormants_Antiquaille_Credit-PH-1024x646.jpg 1024w, https:\/\/septdormants-partage.fr\/wp-content\/uploads\/2025\/07\/Sept_Dormants_Antiquaille_Credit-PH-300x189.jpg 300w, https:\/\/septdormants-partage.fr\/wp-content\/uploads\/2025\/07\/Sept_Dormants_Antiquaille_Credit-PH-768x485.jpg 768w, https:\/\/septdormants-partage.fr\/wp-content\/uploads\/2025\/07\/Sept_Dormants_Antiquaille_Credit-PH-1536x969.jpg 1536w, https:\/\/septdormants-partage.fr\/wp-content\/uploads\/2025\/07\/Sept_Dormants_Antiquaille_Credit-PH-2048x1293.jpg 2048w\" sizes=\"auto, (max-width: 1024px) 100vw, 1024px\" \/><figcaption class=\"wp-element-caption\">\u00c0 Lyon en 2025, avec le <em>Triptyque cappadocien<\/em> de l\u2019artiste <br>(cr\u00e9dit photo P.H.)<\/figcaption><\/figure>\n<\/div>\n\n\n\n<div class=\"wp-block-group is-nowrap is-layout-flex wp-container-core-group-is-layout-6c531013 wp-block-group-is-layout-flex\">\n<figure class=\"wp-block-image size-large is-resized\"><img loading=\"lazy\" decoding=\"async\" width=\"816\" height=\"1024\" src=\"http:\/\/septdormants-partage.fr\/wp-content\/uploads\/2025\/07\/Sept_Dormants_Autun_2023_recadree_Credit_PH-816x1024.jpg\" alt=\"\" class=\"wp-image-260\" style=\"width:227px;height:auto\" srcset=\"https:\/\/septdormants-partage.fr\/wp-content\/uploads\/2025\/07\/Sept_Dormants_Autun_2023_recadree_Credit_PH-816x1024.jpg 816w, https:\/\/septdormants-partage.fr\/wp-content\/uploads\/2025\/07\/Sept_Dormants_Autun_2023_recadree_Credit_PH-239x300.jpg 239w, https:\/\/septdormants-partage.fr\/wp-content\/uploads\/2025\/07\/Sept_Dormants_Autun_2023_recadree_Credit_PH-768x964.jpg 768w, https:\/\/septdormants-partage.fr\/wp-content\/uploads\/2025\/07\/Sept_Dormants_Autun_2023_recadree_Credit_PH.jpg 956w\" sizes=\"auto, (max-width: 816px) 100vw, 816px\" \/><figcaption class=\"wp-element-caption\"><br>\u00c0 Autun en 2023, <br>avec <em>Les Errants<\/em> de J-P. Longin<br>(cr\u00e9dit photo P.H.)<\/figcaption><\/figure>\n<\/div>\n\n\n\n<p><a href=\"#Sommaire\"><strong><em>Retour au Sommaire<\/em><\/strong><\/a><br><\/p>\n\n\n\n<h4 class=\"wp-block-heading\" id=\"Adhesion\"><strong>Adh\u00e9rer<\/strong><\/h4>\n\n\n\n<p>Vous pouvez nous aider \u00e0 faire rayonner <em>Les Sept Dormants<\/em> de Jean-Paul Longin et \u00e0 l&rsquo;acqu\u00e9rir. Devenez <a href=\"https:\/\/www.helloasso.com\/associations\/les-sept-dormants-une-oeuvre-en-partage\/adhesions\/cotisation\">adh\u00e9rent<\/a> ou faites un <a href=\"https:\/\/www.helloasso.com\/associations\/les-sept-dormants-une-oeuvre-en-partage\/formulaires\/2\">don<\/a> pour nous soutenir sur le site HelloAsso de l&rsquo;association <em>Les Sept Dormants <\/em>: une \u0153uvre en partage. <a href=\"https:\/\/www.helloasso.com\/associations\/les-sept-dormants-une-oeuvre-en-partage\">CLIQUEZ ICI<\/a><\/p>\n\n\n\n<h3 class=\"wp-block-heading\"><strong>Contact : &nbsp;&nbsp;&nbsp;&nbsp;<a href=\"mailto:septdormants.partage@protonmail.com\">septdormants.partage@protonmail.com<\/a><\/strong><\/h3>\n\n\n<h1 class=\"wp-block-site-title\"><a href=\"https:\/\/septdormants-partage.fr\" target=\"_self\" rel=\"home\">Les sept dormants : une \u0153uvre en partage<\/a><\/h1>\n\n\n<p><\/p>\n\n\n<nav class=\"is-responsive wp-block-navigation is-layout-flex wp-block-navigation-is-layout-flex\" aria-label=\"menu Ent\u00eate\" \n\t\t data-wp-interactive=\"core\/navigation\" data-wp-context='{\"overlayOpenedBy\":{\"click\":false,\"hover\":false,\"focus\":false},\"type\":\"overlay\",\"roleAttribute\":\"\",\"ariaLabel\":\"Menu\"}'><button aria-haspopup=\"dialog\" aria-label=\"Ouvrir le menu\" class=\"wp-block-navigation__responsive-container-open\" \n\t\t\t\tdata-wp-on--click=\"actions.openMenuOnClick\"\n\t\t\t\tdata-wp-on--keydown=\"actions.handleMenuKeydown\"\n\t\t\t><svg width=\"24\" height=\"24\" xmlns=\"http:\/\/www.w3.org\/2000\/svg\" viewBox=\"0 0 24 24\" aria-hidden=\"true\" focusable=\"false\"><path d=\"M4 7.5h16v1.5H4z\"><\/path><path d=\"M4 15h16v1.5H4z\"><\/path><\/svg><\/button>\n\t\t\t\t<div class=\"wp-block-navigation__responsive-container\"  id=\"modal-1\" \n\t\t\t\tdata-wp-class--has-modal-open=\"state.isMenuOpen\"\n\t\t\t\tdata-wp-class--is-menu-open=\"state.isMenuOpen\"\n\t\t\t\tdata-wp-watch=\"callbacks.initMenu\"\n\t\t\t\tdata-wp-on--keydown=\"actions.handleMenuKeydown\"\n\t\t\t\tdata-wp-on--focusout=\"actions.handleMenuFocusout\"\n\t\t\t\ttabindex=\"-1\"\n\t\t\t>\n\t\t\t\t\t<div class=\"wp-block-navigation__responsive-close\" tabindex=\"-1\">\n\t\t\t\t\t\t<div class=\"wp-block-navigation__responsive-dialog\" \n\t\t\t\tdata-wp-bind--aria-modal=\"state.ariaModal\"\n\t\t\t\tdata-wp-bind--aria-label=\"state.ariaLabel\"\n\t\t\t\tdata-wp-bind--role=\"state.roleAttribute\"\n\t\t\t>\n\t\t\t\t\t\t\t<button aria-label=\"Fermer le menu\" class=\"wp-block-navigation__responsive-container-close\" \n\t\t\t\tdata-wp-on--click=\"actions.closeMenuOnClick\"\n\t\t\t><svg xmlns=\"http:\/\/www.w3.org\/2000\/svg\" viewBox=\"0 0 24 24\" width=\"24\" height=\"24\" aria-hidden=\"true\" focusable=\"false\"><path d=\"m13.06 12 6.47-6.47-1.06-1.06L12 10.94 5.53 4.47 4.47 5.53 10.94 12l-6.47 6.47 1.06 1.06L12 13.06l6.47 6.47 1.06-1.06L13.06 12Z\"><\/path><\/svg><\/button>\n\t\t\t\t\t\t\t<div class=\"wp-block-navigation__responsive-container-content\" \n\t\t\t\tdata-wp-watch=\"callbacks.focusFirstElement\"\n\t\t\t id=\"modal-1-content\">\n\t\t\t\t\t\t\t\t<ul class=\"wp-block-navigation__container is-responsive wp-block-navigation\"><li class=\" wp-block-navigation-item wp-block-navigation-link\"><a class=\"wp-block-navigation-item__content\"  href=\"https:\/\/septdormants-partage.fr\/?page_id=7\"><span class=\"wp-block-navigation-item__label\">Accueil<\/span><\/a><\/li><\/ul>\n\t\t\t\t\t\t\t<\/div>\n\t\t\t\t\t\t<\/div>\n\t\t\t\t\t<\/div>\n\t\t\t\t<\/div><\/nav>\n\n\n<p><\/p>\n","protected":false},"excerpt":{"rendered":"<p>Sommaire L&rsquo;Association Les Sept&nbsp;Dormants Jean-Paul&nbsp;Longin Expositions de l\u2019\u0153uvre Adh\u00e9rer L&rsquo;ASSOCIATION Gen\u00e8se Les Sept Dormants de Jean-Paul Longin ont \u00e9t\u00e9 expos\u00e9s en 2021 \u00e0 l\u2019\u00c9table, au Bas du Riaux (71), puis lors de la quatri\u00e8me Biennale d\u2019Art Sacr\u00e9 Contemporain \u00e0 Autun en 2023. Le public a \u00e9t\u00e9 touch\u00e9 par la puissance esth\u00e9tique de l\u2019\u0153uvre, \u00e9mu par [&hellip;]<\/p>\n","protected":false},"author":1,"featured_media":0,"parent":0,"menu_order":0,"comment_status":"closed","ping_status":"closed","template":"page-no-separators","meta":{"footnotes":""},"class_list":["post-7","page","type-page","status-publish","hentry"],"_links":{"self":[{"href":"https:\/\/septdormants-partage.fr\/index.php?rest_route=\/wp\/v2\/pages\/7","targetHints":{"allow":["GET"]}}],"collection":[{"href":"https:\/\/septdormants-partage.fr\/index.php?rest_route=\/wp\/v2\/pages"}],"about":[{"href":"https:\/\/septdormants-partage.fr\/index.php?rest_route=\/wp\/v2\/types\/page"}],"author":[{"embeddable":true,"href":"https:\/\/septdormants-partage.fr\/index.php?rest_route=\/wp\/v2\/users\/1"}],"replies":[{"embeddable":true,"href":"https:\/\/septdormants-partage.fr\/index.php?rest_route=%2Fwp%2Fv2%2Fcomments&post=7"}],"version-history":[{"count":111,"href":"https:\/\/septdormants-partage.fr\/index.php?rest_route=\/wp\/v2\/pages\/7\/revisions"}],"predecessor-version":[{"id":294,"href":"https:\/\/septdormants-partage.fr\/index.php?rest_route=\/wp\/v2\/pages\/7\/revisions\/294"}],"wp:attachment":[{"href":"https:\/\/septdormants-partage.fr\/index.php?rest_route=%2Fwp%2Fv2%2Fmedia&parent=7"}],"curies":[{"name":"wp","href":"https:\/\/api.w.org\/{rel}","templated":true}]}}